{"id":2,"date":"2024-01-05T11:37:36","date_gmt":"2024-01-05T10:37:36","guid":{"rendered":"https:\/\/csccassincorbas.blogs.laclasse.com\/?page_id=2"},"modified":"2024-03-05T01:15:07","modified_gmt":"2024-03-05T00:15:07","slug":"page-d-exemple","status":"publish","type":"page","link":"https:\/\/csccassincorbas.blogs.laclasse.com\/","title":{"rendered":"Des Cadet-tes de la S\u00e9curit\u00e9 Civile au coll\u00e8ge  Ren\u00e9 Cassin ?"},"content":{"rendered":"\n<p><\/p>\n\n\n\n<p>Et oui, ils sont 16 en tout (8 gar\u00e7ons, 8 filles) tous \u00e9l\u00e8ves en classe de 4\u00e8me, qui ont candidat\u00e9 et ont \u00e9t\u00e9 retenus sur les 24 inscrits pour participer \u00e0 cette formation qui aura lieu tout au long de l&rsquo;ann\u00e9e en partenariat avec la caserne des Pompiers de Mions.<\/p>\n\n\n\n<p>Le c\u0153ur de la formation s&rsquo;articule autour de l&rsquo;engagement citoyen et des connaissances n\u00e9cessaires pour y parvenir (th\u00e9orie et pratique, avec le passage en secourisme du PSC 1). <\/p>\n\n\n\n<p>A l&rsquo;issu de ce parcours, leurs dipl\u00f4mes leur seront remis lors d&rsquo;une r\u00e9ception officielle en pr\u00e9fecture \u00e0 Lyon.<\/p>\n\n\n\n<figure class=\"wp-block-image size-large\"><img loading=\"lazy\" decoding=\"async\" width=\"1024\" height=\"768\" src=\"https:\/\/csccassincorbas.blogs.laclasse.com\/wp-content\/uploads\/sites\/5851\/2024\/01\/20231220_163816-1024x768.jpg\" alt=\"\" class=\"wp-image-19\" srcset=\"https:\/\/csccassincorbas.blogs.laclasse.com\/wp-content\/uploads\/sites\/5851\/2024\/01\/20231220_163816-1024x768.jpg 1024w, https:\/\/csccassincorbas.blogs.laclasse.com\/wp-content\/uploads\/sites\/5851\/2024\/01\/20231220_163816-300x225.jpg 300w, https:\/\/csccassincorbas.blogs.laclasse.com\/wp-content\/uploads\/sites\/5851\/2024\/01\/20231220_163816-768x576.jpg 768w, https:\/\/csccassincorbas.blogs.laclasse.com\/wp-content\/uploads\/sites\/5851\/2024\/01\/20231220_163816-1536x1152.jpg 1536w, https:\/\/csccassincorbas.blogs.laclasse.com\/wp-content\/uploads\/sites\/5851\/2024\/01\/20231220_163816-2048x1536.jpg 2048w\" sizes=\"auto, (max-width: 1024px) 100vw, 1024px\" \/><\/figure>\n","protected":false},"excerpt":{"rendered":"<p>Et oui, ils sont 16 en tout (8 gar\u00e7ons, 8 filles) tous \u00e9l\u00e8ves en classe de 4\u00e8me, qui ont candidat\u00e9 et ont \u00e9t\u00e9 retenus sur les 24 inscrits pour participer \u00e0 cette formation qui aura lieu tout au long de l&rsquo;ann\u00e9e en partenariat avec la caserne des Pompiers de Mions. Le c\u0153ur de la formation [&hellip;]<\/p>\n","protected":false},"author":15339,"featured_media":0,"parent":0,"menu_order":0,"comment_status":"closed","ping_status":"open","template":"","meta":{"footnotes":""},"class_list":["post-2","page","type-page","status-publish","hentry"],"_links":{"self":[{"href":"https:\/\/csccassincorbas.blogs.laclasse.com\/index.php?rest_route=\/wp\/v2\/pages\/2","targetHints":{"allow":["GET"]}}],"collection":[{"href":"https:\/\/csccassincorbas.blogs.laclasse.com\/index.php?rest_route=\/wp\/v2\/pages"}],"about":[{"href":"https:\/\/csccassincorbas.blogs.laclasse.com\/index.php?rest_route=\/wp\/v2\/types\/page"}],"author":[{"embeddable":true,"href":"https:\/\/csccassincorbas.blogs.laclasse.com\/index.php?rest_route=\/wp\/v2\/users\/15339"}],"replies":[{"embeddable":true,"href":"https:\/\/csccassincorbas.blogs.laclasse.com\/index.php?rest_route=%2Fwp%2Fv2%2Fcomments&post=2"}],"version-history":[{"count":5,"href":"https:\/\/csccassincorbas.blogs.laclasse.com\/index.php?rest_route=\/wp\/v2\/pages\/2\/revisions"}],"predecessor-version":[{"id":103,"href":"https:\/\/csccassincorbas.blogs.laclasse.com\/index.php?rest_route=\/wp\/v2\/pages\/2\/revisions\/103"}],"wp:attachment":[{"href":"https:\/\/csccassincorbas.blogs.laclasse.com\/index.php?rest_route=%2Fwp%2Fv2%2Fmedia&parent=2"}],"curies":[{"name":"wp","href":"https:\/\/api.w.org\/{rel}","templated":true}]}}